{"id":241,"date":"2023-07-30T09:26:08","date_gmt":"2023-07-30T09:26:08","guid":{"rendered":"https:\/\/www.harmoniebunde.nl\/testen\/?page_id=241"},"modified":"2026-02-27T21:15:07","modified_gmt":"2026-02-27T20:15:07","slug":"harmonie","status":"publish","type":"page","link":"https:\/\/www.harmoniebunde.nl\/?page_id=241","title":{"rendered":"Harmonie"},"content":{"rendered":"\n<h2 class=\"wp-block-heading\" id=\"harmonie\">Harmonie<\/h2>\n\n\n\n<div class=\"wp-block-stackable-divider stk-block-divider stk-block stk-8385f7f is-style-bar\" data-block-id=\"8385f7f\"><style>.stk-8385f7f hr.stk-block-divider__hr{background:#1e2457 !important;width:100% !important;}<\/style><hr class=\"stk-block-divider__hr\"\/><\/div>\n\n\n\n<p><\/p>\n\n\n\n<figure class=\"wp-block-image size-large\"><img data-recalc-dims=\"1\" loading=\"lazy\" decoding=\"async\" width=\"1024\" height=\"486\" data-attachment-id=\"5985\" data-permalink=\"https:\/\/www.harmoniebunde.nl\/?attachment_id=5985\" data-orig-file=\"https:\/\/i0.wp.com\/www.harmoniebunde.nl\/wp-content\/uploads\/2024\/03\/KaKl_2023_bunde4-1-1.jpg?fit=1500%2C712&amp;ssl=1\" data-orig-size=\"1500,712\" data-comments-opened=\"1\" data-image-meta=\"{&quot;aperture&quot;:&quot;0&quot;,&quot;credit&quot;:&quot;&quot;,&quot;camera&quot;:&quot;&quot;,&quot;caption&quot;:&quot;&quot;,&quot;created_timestamp&quot;:&quot;0&quot;,&quot;copyright&quot;:&quot;&quot;,&quot;focal_length&quot;:&quot;0&quot;,&quot;iso&quot;:&quot;0&quot;,&quot;shutter_speed&quot;:&quot;0&quot;,&quot;title&quot;:&quot;&quot;,&quot;orientation&quot;:&quot;0&quot;}\" data-image-title=\"KaKl_2023_bunde4-1-1\" data-image-description=\"\" data-image-caption=\"\" data-large-file=\"https:\/\/i0.wp.com\/www.harmoniebunde.nl\/wp-content\/uploads\/2024\/03\/KaKl_2023_bunde4-1-1.jpg?fit=1024%2C486&amp;ssl=1\" src=\"https:\/\/i0.wp.com\/www.harmoniebunde.nl\/testen\/wp-content\/uploads\/2024\/03\/KaKl_2023_bunde4-1-1-1024x486.jpg?resize=1024%2C486&#038;ssl=1\" alt=\"\" class=\"wp-image-5985\" srcset=\"https:\/\/i0.wp.com\/www.harmoniebunde.nl\/wp-content\/uploads\/2024\/03\/KaKl_2023_bunde4-1-1.jpg?resize=1024%2C486&amp;ssl=1 1024w, https:\/\/i0.wp.com\/www.harmoniebunde.nl\/wp-content\/uploads\/2024\/03\/KaKl_2023_bunde4-1-1.jpg?resize=300%2C142&amp;ssl=1 300w, https:\/\/i0.wp.com\/www.harmoniebunde.nl\/wp-content\/uploads\/2024\/03\/KaKl_2023_bunde4-1-1.jpg?resize=768%2C365&amp;ssl=1 768w, https:\/\/i0.wp.com\/www.harmoniebunde.nl\/wp-content\/uploads\/2024\/03\/KaKl_2023_bunde4-1-1.jpg?resize=500%2C237&amp;ssl=1 500w, https:\/\/i0.wp.com\/www.harmoniebunde.nl\/wp-content\/uploads\/2024\/03\/KaKl_2023_bunde4-1-1.jpg?resize=600%2C285&amp;ssl=1 600w, https:\/\/i0.wp.com\/www.harmoniebunde.nl\/wp-content\/uploads\/2024\/03\/KaKl_2023_bunde4-1-1.jpg?w=1500&amp;ssl=1 1500w\" sizes=\"auto, (max-width: 1024px) 100vw, 1024px\" \/><\/figure>\n\n\n\n<p class=\"has-palette-color-4-color has-text-color has-link-color wp-elements-016046cb26239dda058f005554438727\">Harmonie Sint Agnes Bunde is al meer dan honderd jaar een vertrouwd muzikaal gezicht in onze gemeenschap. Sinds onze oprichting in 1919 zijn we uitgegroeid tot een levendige vereniging met meer dan 100 leden. Meer dan 70 daarvan zijn actief als muzikant binnen de harmonie, slagwerkgroep of het opleidingsorkest. Bij ons vinden zowel jongeren als volwassenen een inspirerende plek om samen muziek te maken, talent te ontwikkelen en vriendschappen op te bouwen.<\/p>\n\n\n\n<p><span style=\"color: #000000;\" class=\"stk-highlight\">Elke maandagavond repeteren we van 19:45 tot 22:00 uur in de Basisschool Franciscus te Bunde \u2013 ons tijdelijke onderkomen. Maar vol verwachting kijken we uit naar eind dit jaar, wanneer we onze intrek nemen in <em>De Agnespoort<\/em>, een nieuwe, inspirerende thuisbasis voor onze muziekvereniging.<\/span><\/p>\n\n\n\n<p><span style=\"color: #000000;\" class=\"stk-highlight\">Onze vereniging kent een rijke historie. In 1947 maakten we de overstap van fanfare naar harmonie, wat ons in staat stelde een nog breder muzikaal palet aan te bieden. Vandaag de dag voeren we een gevarieerd repertoire uit: van licht klassieke werken en filmmuziek tot swingende pop- en rocknummers. Een voorbeeld hiervan is ons&nbsp; filmconcert <em>&#8220;Agnes at the Movies&#8221;<\/em>&nbsp; \u00e9\u00e9n van de vele concerten waarmee we ons publiek verrassen.<\/span><\/p>\n\n\n\n<p><span style=\"color: #000000;\" class=\"stk-highlight\">Onder leiding van onze gepassioneerde dirigent <strong>Jacques Claessens<\/strong> \u2013 al sinds 1979 verbonden aan onze harmonie \u2013 streven we altijd naar muzikale kwaliteit en beleving. Jacques\u2019 jarenlange toewijding en vakmanschap vormen de muzikale ruggengraat van onze vereniging.<\/span><\/p>\n\n\n\n<p><span style=\"color: #010101;\" class=\"stk-highlight\">We zijn trots op de prestaties die we in de loop der jaren hebben geleverd. Een greep uit onze hoogtepunten:<\/span><\/p>\n\n\n\n<ul class=\"wp-block-list\">\n<li><span style=\"color: #000000;\" class=\"stk-highlight\"> &#8211; <strong>Eerste prijs met 315,5 punten <\/strong>op het concours in Venlo in 1999.<\/span><\/li>\n\n\n\n<li><span style=\"color: #000000;\" class=\"stk-highlight\">&nbsp;&#8211; <strong>Op 19 maart 2005 <\/strong>behaalden we tijdens de FKM-landskampioenschappen in Tegelen   de eerste plaats in de 1e divisie sectie harmonie, en werden we bekroond met de Oranje Kampioenswimpel dankzij een score van 90,95 punten.<\/span><\/li>\n\n\n\n<li><span style=\"color: #000000;\" class=\"stk-highlight\"> &#8211; <strong>Nieuwjaarsconcert met Belle P\u00e9rez <\/strong>op 5 januari 2019 <\/span><\/li>\n\n\n\n<li><span style=\"color: #000000;\" class=\"stk-highlight\">We trapten het jaar swingend af met een spetterend nieuwjaarsconcert in samenwerking met de Vlaamse zangeres Belle P\u00e9rez. Een avond vol ritme, energie en Latijns-Amerikaanse klanken, waarmee we het publiek op de banken kregen.<\/span><\/li>\n\n\n\n<li>&#8211;<span style=\"color: #000000;\" class=\"stk-highlight\"><strong>100-jarig jubileumconcert <\/strong>\u2013 \u201cEeuwig Jong\u201d op 28 december 2019<\/span><\/li>\n\n\n\n<li><span style=\"color: #000000;\" class=\"stk-highlight\">Ter ere van ons 100-jarig bestaan brachten we een onvergetelijk jubileumconcert met de titel Eeuwig Jong. Het podium werd gedeeld met niemand minder dan Brigitte Heitzer, Imke Heitzer en Ren\u00e9e van Wegberg, die samen met ons een muzikaal feest neerzetten om nooit te vergeten.<\/span><\/li>\n\n\n\n<li><span style=\"color: #010101;\" class=\"stk-highlight\"> &#8211; <strong>Kerstconcert met slagwerkgroep &amp; Machteld Vossen op 16 december 2023<\/strong><\/span><\/li>\n\n\n\n<li><span style=\"color: #010101;\" class=\"stk-highlight\">In de sfeervolle aanloop naar de feestdagen verzorgden we een warm kerstconcert in samenwerking met onze slagwerkgroep onder leiding van Rick Maassen. De prachtige zang van Machteld Vossen maakte het geheel compleet en zorgde voor kippenvelmomenten bij het publiek.<\/span><\/li>\n\n\n\n<li><span style=\"color: #000000;\" class=\"stk-highlight\"> &#8211; <strong>LBM Concertconcours <\/strong>\u2013 Eerste prijs met 93 punten op 10 november 2024&nbsp;&nbsp;<\/span><\/li>\n\n\n\n<li><span style=\"color: #000000;\" class=\"stk-highlight\">Tijdens het concertconcours van de Limburgse Bond van Muziekgezelschappen (LBM) lieten we opnieuw zien waar Harmonie Sint Agnes Bunde voor staat: kwaliteit, passie en muzikaliteit. Met trots behaalden we de eerste plaats en maar liefst 93 punten!<\/span><\/li>\n<\/ul>\n\n\n\n<p><span style=\"color: #000000;\" class=\"stk-highlight\">Daarnaast vertegenwoordigen we Bunde op (inter)nationale concoursen en festivals, waar we&nbsp; in de prijzen vallen. Onze slagwerkgroep en het opledingsorkest spelen hierin een cruciale rol; zij vormen niet alleen het fundament van onze toekomst, maar zorgen ook voor frisse energie en doorstroming binnen de vereniging.<\/span><\/p>\n\n\n\n<p><span style=\"color: #000000;\" class=\"stk-highlight\">Naast het muzikale aspect koesteren we ook de sociale band. Muziek verbindt \u2013 en dat merken we bij elk concert, elke repetitie, elk jubileum en elk gezellig samenzijn. We organiseren activiteiten, jeugdprojecten, en leggen graag contact met andere verenigingen en instellingen in en buiten onze regio.<\/span><\/p>\n\n\n\n<p class=\"has-palette-color-4-color has-text-color has-link-color wp-elements-5dbac9371b5de66fdc069d461bbcd5bf\">Want bij Harmonie Sint Agnes Bunde klinkt muziek met hart en ziel! <\/p>\n\n\n\n<h5 class=\"wp-block-heading\" id=\"wanneer-repeteert-de-slagwerkgroep\">Wanneer repeteert de harmonie?<\/h5>\n\n\n\n<figure class=\"wp-block-table\"><table class=\"has-palette-color-4-color has-text-color has-link-color\"><tbody><tr><td>Dag:<\/td><td>Maandag<\/td><\/tr><tr><td>Tijd:<\/td><td>19.45 uur tot 22.00&nbsp;uur<\/td><\/tr><tr><td>Locatie:<\/td><td>De Agnespoort, Bunde<\/td><\/tr><tr><td>Dirigent: &nbsp;<\/td><td>Jacques Claessens<\/td><\/tr><\/tbody><\/table><\/figure>\n\n\n\n<p><\/p>\n","protected":false},"excerpt":{"rendered":"<p>Harmonie Harmonie Sint Agnes Bunde is al meer dan honderd jaar een vertrouwd muzikaal gezicht in onze gemeenschap. Sinds onze oprichting in 1919 zijn we uitgegroeid tot een levendige vereniging [&hellip;]<\/p>\n","protected":false},"author":1,"featured_media":0,"parent":0,"menu_order":0,"comment_status":"closed","ping_status":"closed","template":"","meta":{"footnotes":""},"class_list":["post-241","page","type-page","status-publish","hentry"],"blocksy_meta":{"page_structure_type":"type-2","background":{"background_type":"color","background_pattern":"type-1","background_image":{"attachment_id":null,"x":0,"y":0},"gradient":"linear-gradient(135deg,rgba(6,147,227,1) 0%,rgb(155,81,224) 100%)","background_repeat":"repeat","background_size":"auto","background_attachment":"scroll","patternColor":{"default":{"color":"#e5e7ea"}},"overlayColor":{"default":{"color":"CT_CSS_SKIP_RULE"}},"backgroundColor":{"default":{"color":"var(--theme-palette-color-8)"}}},"styles_descriptor":{"styles":{"desktop":"[data-prefix=\"single_page\"] {background-color:var(--theme-palette-color-8);background-image:none;}","tablet":"","mobile":""},"google_fonts":[],"version":6},"has_hero_section":"disabled"},"jetpack_sharing_enabled":true,"jetpack-related-posts":[{"id":238,"url":"https:\/\/www.harmoniebunde.nl\/?page_id=238","url_meta":{"origin":241,"position":0},"title":"Harmonieus","author":"harmoniebunde","date":"30 juli 2023","format":false,"excerpt":"Harmonieus Harmonieus\u00a0is een werkgroep van Harmonie en Drumband Sint Agnes die bestaat sinds 2008.Haar doelstelling is het organiseren van muzikale en culturele activiteiten v\u00f3\u00f3r en d\u00f3\u00f3r de leden van Harmonie en Drumband St. Agnes, samen met de inwoners van Bunde\/Meerssen en ge\u00efnteresseerden daarbuiten.In 2009 is voor de eerste keer de\u2026","rel":"","context":"Soortgelijk bericht","block_context":{"text":"Soortgelijk bericht","link":""},"img":{"alt_text":"","src":"","width":0,"height":0},"classes":[]},{"id":188,"url":"https:\/\/www.harmoniebunde.nl\/?page_id=188","url_meta":{"origin":241,"position":1},"title":"Vereniging","author":"harmoniebunde","date":"30 juli 2023","format":false,"excerpt":"Vereniging Harmonie & Drumband Sint Agnes is een bloeiende vereniging met zo'n 70 spelende leden in het harmonieorkest, een mooie multifunctionele slagwerkgroep, een grotendeels eigen opleiding voor muziek en theorie, de Bungelkes als orkest voor de startende leerlingen en een groot jeugdorkest. Het doel van de vereniging is het maken\u2026","rel":"","context":"Soortgelijk bericht","block_context":{"text":"Soortgelijk bericht","link":""},"img":{"alt_text":"","src":"https:\/\/i0.wp.com\/www.harmoniebunde.nl\/wp-content\/uploads\/2024\/03\/KaKl_2023_bunde4-1-1.jpg?resize=350%2C200&ssl=1","width":350,"height":200,"srcset":"https:\/\/i0.wp.com\/www.harmoniebunde.nl\/wp-content\/uploads\/2024\/03\/KaKl_2023_bunde4-1-1.jpg?resize=350%2C200&ssl=1 1x, https:\/\/i0.wp.com\/www.harmoniebunde.nl\/wp-content\/uploads\/2024\/03\/KaKl_2023_bunde4-1-1.jpg?resize=525%2C300&ssl=1 1.5x, https:\/\/i0.wp.com\/www.harmoniebunde.nl\/wp-content\/uploads\/2024\/03\/KaKl_2023_bunde4-1-1.jpg?resize=700%2C400&ssl=1 2x, https:\/\/i0.wp.com\/www.harmoniebunde.nl\/wp-content\/uploads\/2024\/03\/KaKl_2023_bunde4-1-1.jpg?resize=1050%2C600&ssl=1 3x, https:\/\/i0.wp.com\/www.harmoniebunde.nl\/wp-content\/uploads\/2024\/03\/KaKl_2023_bunde4-1-1.jpg?resize=1400%2C800&ssl=1 4x"},"classes":[]},{"id":901,"url":"https:\/\/www.harmoniebunde.nl\/?page_id=901","url_meta":{"origin":241,"position":2},"title":"Kroniek St. Agnes 100 jaar","author":"harmoniebunde","date":"6 augustus 2023","format":false,"excerpt":"","rel":"","context":"Soortgelijk bericht","block_context":{"text":"Soortgelijk bericht","link":""},"img":{"alt_text":"","src":"","width":0,"height":0},"classes":[]},{"id":768,"url":"https:\/\/www.harmoniebunde.nl\/?page_id=768","url_meta":{"origin":241,"position":3},"title":"Laatste Nieuws","author":"harmoniebunde","date":"4 maart 2024","format":false,"excerpt":"Laatste Nieuws 14 december j.l. dompelde Harmonie Sint Agnes het publiek onder in de warme sfeer van de feestdagen. Met prachtige muziek, een terugblik op 2024, en een vooruitblik op 2025, werd het een avond om niet snel te vergeten. Zangeres Emy Hagen betoverde ons met haar uitvoeringen van \u201cBelieve\u201d\u2026","rel":"","context":"Soortgelijk bericht","block_context":{"text":"Soortgelijk bericht","link":""},"img":{"alt_text":"","src":"https:\/\/i0.wp.com\/www.harmoniebunde.nl\/wp-content\/uploads\/2024\/12\/image-1024x687.png?resize=350%2C200&ssl=1","width":350,"height":200,"srcset":"https:\/\/i0.wp.com\/www.harmoniebunde.nl\/wp-content\/uploads\/2024\/12\/image-1024x687.png?resize=350%2C200&ssl=1 1x, https:\/\/i0.wp.com\/www.harmoniebunde.nl\/wp-content\/uploads\/2024\/12\/image-1024x687.png?resize=525%2C300&ssl=1 1.5x, https:\/\/i0.wp.com\/www.harmoniebunde.nl\/wp-content\/uploads\/2024\/12\/image-1024x687.png?resize=700%2C400&ssl=1 2x"},"classes":[]},{"id":207,"url":"https:\/\/www.harmoniebunde.nl\/?page_id=207","url_meta":{"origin":241,"position":4},"title":"Slagwerkgroep","author":"harmoniebunde","date":"30 juli 2023","format":false,"excerpt":"De slagwerkgroep van St Agnes werd opgericht als drumband in 1957 en verzorgde in de eerste jaren alleen gezamenlijke optredens met de harmonie. Later werd ook zelfstandig deelgenomen aan concerten\u00a0 en diverse concoursen. Vanaf 2000 is de drumband omgevormd naar een multifunctionele slagwerkgroep, waar de slagwerkers niet alleen met trommels,\u2026","rel":"","context":"Soortgelijk bericht","block_context":{"text":"Soortgelijk bericht","link":""},"img":{"alt_text":"","src":"https:\/\/i0.wp.com\/www.harmoniebunde.nl\/wp-content\/uploads\/2023\/08\/275308662_2869766186503007_3157552617193844905_n.jpg?resize=350%2C200&ssl=1","width":350,"height":200,"srcset":"https:\/\/i0.wp.com\/www.harmoniebunde.nl\/wp-content\/uploads\/2023\/08\/275308662_2869766186503007_3157552617193844905_n.jpg?resize=350%2C200&ssl=1 1x, https:\/\/i0.wp.com\/www.harmoniebunde.nl\/wp-content\/uploads\/2023\/08\/275308662_2869766186503007_3157552617193844905_n.jpg?resize=525%2C300&ssl=1 1.5x, https:\/\/i0.wp.com\/www.harmoniebunde.nl\/wp-content\/uploads\/2023\/08\/275308662_2869766186503007_3157552617193844905_n.jpg?resize=700%2C400&ssl=1 2x, https:\/\/i0.wp.com\/www.harmoniebunde.nl\/wp-content\/uploads\/2023\/08\/275308662_2869766186503007_3157552617193844905_n.jpg?resize=1050%2C600&ssl=1 3x"},"classes":[]},{"id":204,"url":"https:\/\/www.harmoniebunde.nl\/?page_id=204","url_meta":{"origin":241,"position":5},"title":"Opleidingsorkest","author":"harmoniebunde","date":"30 juli 2023","format":false,"excerpt":"Opleidingsorkest Harmonie St. Agnes heeft een eigen opleidingsorkest, ons leerlingenorkest. Dit orkest bestaat uit circa 35 iets meer gevorderde leerlingen. Deze muzikanten worden op een leuke manier gecoacht in samenspel.Bij activiteiten van onze vereniging zoals de Pepernotenavond en het Sylvesterconcert treden zij op.Ook bij andere activiteiten in onze gemeenschap, zoals\u2026","rel":"","context":"Soortgelijk bericht","block_context":{"text":"Soortgelijk bericht","link":""},"img":{"alt_text":"","src":"https:\/\/i0.wp.com\/www.harmoniebunde.nl\/wp-content\/uploads\/2025\/05\/494205968_1501348054487096_6793184821168468238_n.jpg?resize=350%2C200&ssl=1","width":350,"height":200,"srcset":"https:\/\/i0.wp.com\/www.harmoniebunde.nl\/wp-content\/uploads\/2025\/05\/494205968_1501348054487096_6793184821168468238_n.jpg?resize=350%2C200&ssl=1 1x, https:\/\/i0.wp.com\/www.harmoniebunde.nl\/wp-content\/uploads\/2025\/05\/494205968_1501348054487096_6793184821168468238_n.jpg?resize=525%2C300&ssl=1 1.5x, https:\/\/i0.wp.com\/www.harmoniebunde.nl\/wp-content\/uploads\/2025\/05\/494205968_1501348054487096_6793184821168468238_n.jpg?resize=700%2C400&ssl=1 2x, https:\/\/i0.wp.com\/www.harmoniebunde.nl\/wp-content\/uploads\/2025\/05\/494205968_1501348054487096_6793184821168468238_n.jpg?resize=1050%2C600&ssl=1 3x, https:\/\/i0.wp.com\/www.harmoniebunde.nl\/wp-content\/uploads\/2025\/05\/494205968_1501348054487096_6793184821168468238_n.jpg?resize=1400%2C800&ssl=1 4x"},"classes":[]}],"_links":{"self":[{"href":"https:\/\/www.harmoniebunde.nl\/index.php?rest_route=\/wp\/v2\/pages\/241","targetHints":{"allow":["GET"]}}],"collection":[{"href":"https:\/\/www.harmoniebunde.nl\/index.php?rest_route=\/wp\/v2\/pages"}],"about":[{"href":"https:\/\/www.harmoniebunde.nl\/index.php?rest_route=\/wp\/v2\/types\/page"}],"author":[{"embeddable":true,"href":"https:\/\/www.harmoniebunde.nl\/index.php?rest_route=\/wp\/v2\/users\/1"}],"replies":[{"embeddable":true,"href":"https:\/\/www.harmoniebunde.nl\/index.php?rest_route=%2Fwp%2Fv2%2Fcomments&post=241"}],"version-history":[{"count":36,"href":"https:\/\/www.harmoniebunde.nl\/index.php?rest_route=\/wp\/v2\/pages\/241\/revisions"}],"predecessor-version":[{"id":8046,"href":"https:\/\/www.harmoniebunde.nl\/index.php?rest_route=\/wp\/v2\/pages\/241\/revisions\/8046"}],"wp:attachment":[{"href":"https:\/\/www.harmoniebunde.nl\/index.php?rest_route=%2Fwp%2Fv2%2Fmedia&parent=241"}],"curies":[{"name":"wp","href":"https:\/\/api.w.org\/{rel}","templated":true}]}}