{"id":238,"date":"2023-07-30T09:25:50","date_gmt":"2023-07-30T09:25:50","guid":{"rendered":"https:\/\/www.harmoniebunde.nl\/testen\/?page_id=238"},"modified":"2025-03-20T23:05:51","modified_gmt":"2025-03-20T22:05:51","slug":"harmonieus","status":"publish","type":"page","link":"https:\/\/www.harmoniebunde.nl\/?page_id=238","title":{"rendered":"Harmonieus"},"content":{"rendered":"\n<h2 class=\"wp-block-heading\" id=\"harmonieus\">Harmonieus<\/h2>\n\n\n\n<div class=\"wp-block-stackable-divider stk-block-divider stk-block stk-948b6f0 is-style-bar\" data-block-id=\"948b6f0\"><style>.stk-948b6f0 hr.stk-block-divider__hr{background:#1e2457 !important;width:100% !important;}.stk-948b6f0 {align-items:center !important;display:flex !important;}<\/style><hr class=\"stk-block-divider__hr\"\/><\/div>\n\n\n\n<p class=\"has-palette-color-4-color has-text-color has-link-color wp-elements-912a10ab8dbbc880d0705f42d04dd040\"><strong>Harmonieus<\/strong>&nbsp;is een werkgroep van Harmonie en Drumband Sint Agnes die bestaat sinds 2008.<br>Haar doelstelling is het organiseren van muzikale en culturele activiteiten v\u00f3\u00f3r en d\u00f3\u00f3r de leden van Harmonie en Drumband St. Agnes, samen met de inwoners van Bunde\/Meerssen en ge\u00efnteresseerden daarbuiten.<br><br>In 2009 is voor de eerste keer de Muziek Kunst Route georganiseerd en wegens succes nog 2 keer herhaald.&nbsp; In 2013 en 2014 werd een luister-middag&nbsp; &#8220;Meziek en vert\u00e8lsels op zoondigmiddig&#8221; georganiseerd.<br>In 2016&nbsp; bedacht Harmonieus een nieuwe activiteit \u201cMeziek Preuve\u201d.<br>De muziek en de hapjes vielen zo goed in de smaak dat er op zondag 2 april 2017 de tweede editie van Meziek Preuve wordt georganiseerd. De opbrengst van de activiteiten van Harmonieus komt geheel ten gunste van de harmonie.<br><br>Naast het organiseren van activiteiten verleent Harmonieus diverse hand- en spandiensten aan de harmonie.<br><br>De leden van Harmonieus zijn Annelies Cabo, Yvonne Hanssen, Monique Loenis, Anouk Sijmons en Marlou Vossen.<\/p>\n\n\n\n<figure class=\"wp-block-image\"><img data-recalc-dims=\"1\" decoding=\"async\" src=\"https:\/\/i0.wp.com\/www.harmoniebunde.nl\/images\/harmonieus.png?w=1290\" alt=\"\"\/><\/figure>\n\n\n\n<p class=\"has-palette-color-4-color has-text-color has-link-color wp-elements-e92baecebb3e6855711dec76a80135e4\"><\/p>\n","protected":false},"excerpt":{"rendered":"<p>Harmonieus Harmonieus&nbsp;is een werkgroep van Harmonie en Drumband Sint Agnes die bestaat sinds 2008.Haar doelstelling is het organiseren van muzikale en culturele activiteiten v\u00f3\u00f3r en d\u00f3\u00f3r de leden van Harmonie [&hellip;]<\/p>\n","protected":false},"author":1,"featured_media":0,"parent":0,"menu_order":0,"comment_status":"closed","ping_status":"closed","template":"","meta":{"footnotes":""},"class_list":["post-238","page","type-page","status-publish","hentry"],"blocksy_meta":{"background":{"background_type":"color","background_pattern":"type-1","background_image":{"attachment_id":null,"x":0,"y":0},"gradient":"linear-gradient(135deg,rgba(6,147,227,1) 0%,rgb(155,81,224) 100%)","background_repeat":"repeat","background_size":"auto","background_attachment":"scroll","patternColor":{"default":{"color":"#e5e7ea"}},"overlayColor":{"default":{"color":"CT_CSS_SKIP_RULE"}},"backgroundColor":{"default":{"color":"var(--theme-palette-color-8)"}}},"styles_descriptor":{"styles":{"desktop":"[data-prefix=\"single_page\"] {background-color:var(--theme-palette-color-8);background-image:none;}","tablet":"","mobile":""},"google_fonts":[],"version":6},"has_hero_section":"disabled"},"jetpack_sharing_enabled":true,"jetpack-related-posts":[{"id":227,"url":"https:\/\/www.harmoniebunde.nl\/?page_id=227","url_meta":{"origin":238,"position":0},"title":"Commissies","author":"harmoniebunde","date":"30 juli 2023","format":false,"excerpt":"Commissies Muziekcommissie Ze houdt zich bezig met het muzikale niveau, het beheer van de muziekinstrumenten,\u00a0repertoireprogrammering en planning van concerten.Daarnaast onderhoudt de commissie contacten met de dirigent, de assistent-dirigent en de instructeur. Commissie Werving en Opleiding De commissie Werving en Opleiding houdt zich bezig met het werven van leerlingen en spelende\u2026","rel":"","context":"Soortgelijk bericht","block_context":{"text":"Soortgelijk bericht","link":""},"img":{"alt_text":"","src":"","width":0,"height":0},"classes":[]},{"id":188,"url":"https:\/\/www.harmoniebunde.nl\/?page_id=188","url_meta":{"origin":238,"position":1},"title":"Vereniging","author":"harmoniebunde","date":"30 juli 2023","format":false,"excerpt":"Vereniging Harmonie & Drumband Sint Agnes is een bloeiende vereniging met zo'n 70 spelende leden in het harmonieorkest, een mooie multifunctionele slagwerkgroep, een grotendeels eigen opleiding voor muziek en theorie, de Bungelkes als orkest voor de startende leerlingen en een groot jeugdorkest. Het doel van de vereniging is het maken\u2026","rel":"","context":"Soortgelijk bericht","block_context":{"text":"Soortgelijk bericht","link":""},"img":{"alt_text":"","src":"https:\/\/i0.wp.com\/www.harmoniebunde.nl\/wp-content\/uploads\/2024\/03\/KaKl_2023_bunde4-1-1.jpg?resize=350%2C200&ssl=1","width":350,"height":200,"srcset":"https:\/\/i0.wp.com\/www.harmoniebunde.nl\/wp-content\/uploads\/2024\/03\/KaKl_2023_bunde4-1-1.jpg?resize=350%2C200&ssl=1 1x, https:\/\/i0.wp.com\/www.harmoniebunde.nl\/wp-content\/uploads\/2024\/03\/KaKl_2023_bunde4-1-1.jpg?resize=525%2C300&ssl=1 1.5x, https:\/\/i0.wp.com\/www.harmoniebunde.nl\/wp-content\/uploads\/2024\/03\/KaKl_2023_bunde4-1-1.jpg?resize=700%2C400&ssl=1 2x, https:\/\/i0.wp.com\/www.harmoniebunde.nl\/wp-content\/uploads\/2024\/03\/KaKl_2023_bunde4-1-1.jpg?resize=1050%2C600&ssl=1 3x, https:\/\/i0.wp.com\/www.harmoniebunde.nl\/wp-content\/uploads\/2024\/03\/KaKl_2023_bunde4-1-1.jpg?resize=1400%2C800&ssl=1 4x"},"classes":[]},{"id":207,"url":"https:\/\/www.harmoniebunde.nl\/?page_id=207","url_meta":{"origin":238,"position":2},"title":"Slagwerkgroep","author":"harmoniebunde","date":"30 juli 2023","format":false,"excerpt":"De slagwerkgroep van St Agnes werd opgericht als drumband in 1957 en verzorgde in de eerste jaren alleen gezamenlijke optredens met de harmonie. Later werd ook zelfstandig deelgenomen aan concerten\u00a0 en diverse concoursen. Vanaf 2000 is de drumband omgevormd naar een multifunctionele slagwerkgroep, waar de slagwerkers niet alleen met trommels,\u2026","rel":"","context":"Soortgelijk bericht","block_context":{"text":"Soortgelijk bericht","link":""},"img":{"alt_text":"","src":"https:\/\/i0.wp.com\/www.harmoniebunde.nl\/wp-content\/uploads\/2023\/08\/275308662_2869766186503007_3157552617193844905_n.jpg?resize=350%2C200&ssl=1","width":350,"height":200,"srcset":"https:\/\/i0.wp.com\/www.harmoniebunde.nl\/wp-content\/uploads\/2023\/08\/275308662_2869766186503007_3157552617193844905_n.jpg?resize=350%2C200&ssl=1 1x, https:\/\/i0.wp.com\/www.harmoniebunde.nl\/wp-content\/uploads\/2023\/08\/275308662_2869766186503007_3157552617193844905_n.jpg?resize=525%2C300&ssl=1 1.5x, https:\/\/i0.wp.com\/www.harmoniebunde.nl\/wp-content\/uploads\/2023\/08\/275308662_2869766186503007_3157552617193844905_n.jpg?resize=700%2C400&ssl=1 2x, https:\/\/i0.wp.com\/www.harmoniebunde.nl\/wp-content\/uploads\/2023\/08\/275308662_2869766186503007_3157552617193844905_n.jpg?resize=1050%2C600&ssl=1 3x"},"classes":[]},{"id":201,"url":"https:\/\/www.harmoniebunde.nl\/?page_id=201","url_meta":{"origin":238,"position":3},"title":"Steuncomit\u00e9 \/ Vrienden van St. Agnes","author":"harmoniebunde","date":"30 juli 2023","format":false,"excerpt":"Leden:J. Sijmons, voorzitterTim Roumans, secretarisMiriam Sassen-Simons, penningmeester,Bestuursleden Els Vergouwen-Knapen, Manfred Ramakers, Meindert DijkstraHet Steuncomit\u00e9\/Vrienden van St. Agnes is opgericht in 1970 en heeft tot doel het instrumentarium van harmonieorkest en drumband in stand te houden en zo mogelijk te verbeteren.Om dit tot stand te kunnen brengen werft het Steuncomit\u00e9 steunleden\u2026","rel":"","context":"Soortgelijk bericht","block_context":{"text":"Soortgelijk bericht","link":""},"img":{"alt_text":"","src":"","width":0,"height":0},"classes":[]},{"id":7475,"url":"https:\/\/www.harmoniebunde.nl\/","url_meta":{"origin":238,"position":4},"title":"Home","author":"harmoniebunde","date":"21 maart 2025","format":false,"excerpt":"Welkom op de site Harmonie en Drumband St. Agnes Bunde 80 leden | 3 orkesten | 1 passie Hoofdsponsoren","rel":"","context":"Soortgelijk bericht","block_context":{"text":"Soortgelijk bericht","link":""},"img":{"alt_text":"","src":"https:\/\/i0.wp.com\/www.harmoniebunde.nl\/wp-content\/uploads\/2025\/03\/KaKl_2023_bunde4-.jpg?resize=350%2C200&ssl=1","width":350,"height":200,"srcset":"https:\/\/i0.wp.com\/www.harmoniebunde.nl\/wp-content\/uploads\/2025\/03\/KaKl_2023_bunde4-.jpg?resize=350%2C200&ssl=1 1x, https:\/\/i0.wp.com\/www.harmoniebunde.nl\/wp-content\/uploads\/2025\/03\/KaKl_2023_bunde4-.jpg?resize=525%2C300&ssl=1 1.5x, https:\/\/i0.wp.com\/www.harmoniebunde.nl\/wp-content\/uploads\/2025\/03\/KaKl_2023_bunde4-.jpg?resize=700%2C400&ssl=1 2x, https:\/\/i0.wp.com\/www.harmoniebunde.nl\/wp-content\/uploads\/2025\/03\/KaKl_2023_bunde4-.jpg?resize=1050%2C600&ssl=1 3x, https:\/\/i0.wp.com\/www.harmoniebunde.nl\/wp-content\/uploads\/2025\/03\/KaKl_2023_bunde4-.jpg?resize=1400%2C800&ssl=1 4x"},"classes":[]},{"id":230,"url":"https:\/\/www.harmoniebunde.nl\/?page_id=230","url_meta":{"origin":238,"position":5},"title":"Dirigenten","author":"harmoniebunde","date":"30 juli 2023","format":false,"excerpt":"Dirigenten De directie heeft de muzikale leiding over de verschillende onderdelen van de vereniging.Jacques Claessens is dirigent van het harmonieorkest, Jos Notten is plaatsvervangend dirigent. Rick Maassen is instructeur van de slagwerkgroep. Jacques Claessens Jacques Claessens (Sittard, 1956) ging op 15-jarige leeftijd naar het conservatorium te Maastricht en studeerde saxofoon\u2026","rel":"","context":"Soortgelijk bericht","block_context":{"text":"Soortgelijk bericht","link":""},"img":{"alt_text":"","src":"https:\/\/i0.wp.com\/www.harmoniebunde.nl\/testen\/wp-content\/uploads\/2024\/02\/Foto-Jacques-tbv-website-1-scaled.jpeg?resize=350%2C200&ssl=1","width":350,"height":200,"srcset":"https:\/\/i0.wp.com\/www.harmoniebunde.nl\/testen\/wp-content\/uploads\/2024\/02\/Foto-Jacques-tbv-website-1-scaled.jpeg?resize=350%2C200&ssl=1 1x, https:\/\/i0.wp.com\/www.harmoniebunde.nl\/testen\/wp-content\/uploads\/2024\/02\/Foto-Jacques-tbv-website-1-scaled.jpeg?resize=525%2C300&ssl=1 1.5x, https:\/\/i0.wp.com\/www.harmoniebunde.nl\/testen\/wp-content\/uploads\/2024\/02\/Foto-Jacques-tbv-website-1-scaled.jpeg?resize=700%2C400&ssl=1 2x, https:\/\/i0.wp.com\/www.harmoniebunde.nl\/testen\/wp-content\/uploads\/2024\/02\/Foto-Jacques-tbv-website-1-scaled.jpeg?resize=1050%2C600&ssl=1 3x, https:\/\/i0.wp.com\/www.harmoniebunde.nl\/testen\/wp-content\/uploads\/2024\/02\/Foto-Jacques-tbv-website-1-scaled.jpeg?resize=1400%2C800&ssl=1 4x"},"classes":[]}],"_links":{"self":[{"href":"https:\/\/www.harmoniebunde.nl\/index.php?rest_route=\/wp\/v2\/pages\/238","targetHints":{"allow":["GET"]}}],"collection":[{"href":"https:\/\/www.harmoniebunde.nl\/index.php?rest_route=\/wp\/v2\/pages"}],"about":[{"href":"https:\/\/www.harmoniebunde.nl\/index.php?rest_route=\/wp\/v2\/types\/page"}],"author":[{"embeddable":true,"href":"https:\/\/www.harmoniebunde.nl\/index.php?rest_route=\/wp\/v2\/users\/1"}],"replies":[{"embeddable":true,"href":"https:\/\/www.harmoniebunde.nl\/index.php?rest_route=%2Fwp%2Fv2%2Fcomments&post=238"}],"version-history":[{"count":14,"href":"https:\/\/www.harmoniebunde.nl\/index.php?rest_route=\/wp\/v2\/pages\/238\/revisions"}],"predecessor-version":[{"id":7328,"href":"https:\/\/www.harmoniebunde.nl\/index.php?rest_route=\/wp\/v2\/pages\/238\/revisions\/7328"}],"wp:attachment":[{"href":"https:\/\/www.harmoniebunde.nl\/index.php?rest_route=%2Fwp%2Fv2%2Fmedia&parent=238"}],"curies":[{"name":"wp","href":"https:\/\/api.w.org\/{rel}","templated":true}]}}