{"id":224,"date":"2023-07-30T09:23:59","date_gmt":"2023-07-30T09:23:59","guid":{"rendered":"https:\/\/www.harmoniebunde.nl\/testen\/?page_id=224"},"modified":"2025-05-07T20:30:50","modified_gmt":"2025-05-07T18:30:50","slug":"bestuur","status":"publish","type":"page","link":"https:\/\/www.harmoniebunde.nl\/?page_id=224","title":{"rendered":"Bestuur"},"content":{"rendered":"\n<h2 class=\"wp-block-heading\" id=\"bestuur\">Bestuur<\/h2>\n\n\n\n<div class=\"wp-block-stackable-divider stk-block-divider stk-block stk-f749143 is-style-bar\" data-block-id=\"f749143\"><style>.stk-f749143 hr.stk-block-divider__hr{background:#1e2457 !important;width:100% !important;}<\/style><hr class=\"stk-block-divider__hr\"\/><\/div>\n\n\n\n<figure class=\"wp-block-table is-style-regular\"><table class=\"has-palette-color-4-color has-text-color has-link-color\"><tbody><tr><td colspan=\"2\">Het bestuur wordt geleid door het&nbsp;<em>dagelijks bestuur<\/em>,<br>bestaand uit voorzitter, vice-voorzitter, secretaris,<br>tweede secretaris en penningmeester.<br>Het bestuur wordt ondersteund door vier commissies,<br>elk geleid door een bestuurslid.<br>Het bestuur van de harmonie kent de volgende samenstelling:&nbsp;<\/td><\/tr><tr><td>Voorzitter<\/td><td>Will van den Tweel<\/td><\/tr><tr><td>Vice-Voorzitter<\/td><td>Dimphy Loenis<\/td><\/tr><tr><td>Secretaris<\/td><td>Marielle Hermans<\/td><\/tr><tr><td>Penningmeester<\/td><td>Laurens van Piggelen<\/td><\/tr><tr><td>Voorzitter Muziekcommissie<\/td><td>Dimphy Loenis<\/td><\/tr><tr><td>Voorzitter Commissie Fondse<\/td><td>Meindert Dijkstra<\/td><\/tr><tr><td>Voorzitter Huishoudelijke Commissie<\/td><td>Eline Sijmons<\/td><\/tr><tr><td>Slagwerkgroep<\/td><td>Luc Oberndorff<\/td><\/tr><tr><td>Voorzitter Werving &amp; Opleiding<\/td><td>Ushi Dolmans<\/td><\/tr><\/tbody><\/table><\/figure>\n\n\n\n<p class=\"has-palette-color-4-color has-text-color has-link-color wp-elements-5e3cc0964d419af8bb624bb6d5fa1456\">&nbsp;<\/p>\n\n\n<div class=\"brz-root__container\">\u00a0<\/div>","protected":false},"excerpt":{"rendered":"<p>Bestuur Het bestuur wordt geleid door het&nbsp;dagelijks bestuur,bestaand uit voorzitter, vice-voorzitter, secretaris,tweede secretaris en penningmeester.Het bestuur wordt ondersteund door vier commissies,elk geleid door een bestuurslid.Het bestuur van de harmonie kent [&hellip;]<\/p>\n","protected":false},"author":1,"featured_media":0,"parent":0,"menu_order":0,"comment_status":"closed","ping_status":"closed","template":"","meta":{"footnotes":""},"class_list":["post-224","page","type-page","status-publish","hentry"],"blocksy_meta":{"background":{"background_type":"color","background_pattern":"type-1","background_image":{"attachment_id":null,"x":0,"y":0},"gradient":"linear-gradient(135deg,rgba(6,147,227,1) 0%,rgb(155,81,224) 100%)","background_repeat":"repeat","background_size":"auto","background_attachment":"scroll","patternColor":{"default":{"color":"#e5e7ea"}},"overlayColor":{"default":{"color":"CT_CSS_SKIP_RULE"}},"backgroundColor":{"default":{"color":"var(--theme-palette-color-8)"}}},"styles_descriptor":{"styles":{"desktop":"[data-prefix=\"single_page\"] {background-color:var(--theme-palette-color-8);background-image:none;}","tablet":"","mobile":""},"google_fonts":[],"version":6},"has_hero_section":"disabled","page_structure_type":"type-2"},"jetpack_sharing_enabled":true,"jetpack-related-posts":[{"id":201,"url":"https:\/\/www.harmoniebunde.nl\/?page_id=201","url_meta":{"origin":224,"position":0},"title":"Steuncomit\u00e9 \/ Vrienden van St. Agnes","author":"harmoniebunde","date":"30 juli 2023","format":false,"excerpt":"Leden:J. Sijmons, voorzitterTim Roumans, secretarisMiriam Sassen-Simons, penningmeester,Bestuursleden Els Vergouwen-Knapen, Manfred Ramakers, Meindert DijkstraHet Steuncomit\u00e9\/Vrienden van St. Agnes is opgericht in 1970 en heeft tot doel het instrumentarium van harmonieorkest en drumband in stand te houden en zo mogelijk te verbeteren.Om dit tot stand te kunnen brengen werft het Steuncomit\u00e9 steunleden\u2026","rel":"","context":"Soortgelijk bericht","block_context":{"text":"Soortgelijk bericht","link":""},"img":{"alt_text":"","src":"","width":0,"height":0},"classes":[]},{"id":238,"url":"https:\/\/www.harmoniebunde.nl\/?page_id=238","url_meta":{"origin":224,"position":1},"title":"Harmonieus","author":"harmoniebunde","date":"30 juli 2023","format":false,"excerpt":"Harmonieus Harmonieus\u00a0is een werkgroep van Harmonie en Drumband Sint Agnes die bestaat sinds 2008.Haar doelstelling is het organiseren van muzikale en culturele activiteiten v\u00f3\u00f3r en d\u00f3\u00f3r de leden van Harmonie en Drumband St. Agnes, samen met de inwoners van Bunde\/Meerssen en ge\u00efnteresseerden daarbuiten.In 2009 is voor de eerste keer de\u2026","rel":"","context":"Soortgelijk bericht","block_context":{"text":"Soortgelijk bericht","link":""},"img":{"alt_text":"","src":"","width":0,"height":0},"classes":[]},{"id":4244,"url":"https:\/\/www.harmoniebunde.nl\/?page_id=4244","url_meta":{"origin":224,"position":2},"title":"Nieuwsberichten","author":"harmoniebunde","date":"5 juni 2019","format":false,"excerpt":"Nieuwsberichten We zijn super trots op onze voorzitter Leo Direks. Hij is vanochtend gedecoreerd als Lid in de Orde van Oranje-Nassau. Leo, gefeliciteerd met deze onderscheiding en bedankt voor alles wat je voor onze vereniging gedaan hebt en nog steeds doet We feliciteren ons lid Ushi Dolmans met haar jeugdlintje\u2026","rel":"","context":"Soortgelijk bericht","block_context":{"text":"Soortgelijk bericht","link":""},"img":{"alt_text":"","src":"https:\/\/i0.wp.com\/www.harmoniebunde.nl\/wp-content\/uploads\/2024\/05\/438799339_1211468376808400_4842472185309579266_n.jpg?resize=350%2C200&ssl=1","width":350,"height":200,"srcset":"https:\/\/i0.wp.com\/www.harmoniebunde.nl\/wp-content\/uploads\/2024\/05\/438799339_1211468376808400_4842472185309579266_n.jpg?resize=350%2C200&ssl=1 1x, https:\/\/i0.wp.com\/www.harmoniebunde.nl\/wp-content\/uploads\/2024\/05\/438799339_1211468376808400_4842472185309579266_n.jpg?resize=525%2C300&ssl=1 1.5x, https:\/\/i0.wp.com\/www.harmoniebunde.nl\/wp-content\/uploads\/2024\/05\/438799339_1211468376808400_4842472185309579266_n.jpg?resize=700%2C400&ssl=1 2x, https:\/\/i0.wp.com\/www.harmoniebunde.nl\/wp-content\/uploads\/2024\/05\/438799339_1211468376808400_4842472185309579266_n.jpg?resize=1050%2C600&ssl=1 3x, https:\/\/i0.wp.com\/www.harmoniebunde.nl\/wp-content\/uploads\/2024\/05\/438799339_1211468376808400_4842472185309579266_n.jpg?resize=1400%2C800&ssl=1 4x"},"classes":[]},{"id":3849,"url":"https:\/\/www.harmoniebunde.nl\/?page_id=3849","url_meta":{"origin":224,"position":3},"title":"Muzieklessen","author":"harmoniebunde","date":"18 februari 2024","format":false,"excerpt":"Muzieklessen Greetje Pletzers Saxofoonlessen Wouter Pletzers Hoornlessen Mathew Spedding Trombonelessen Xander Urlings Blokfluit, dwarsfluit en theorielessen Mathijs Oberndorff Klarinetlessen Rik Heijnen Trompetlessen Colin Falize Slagwerklessen Muzieklessen Lid worden \/ Wil jij ook samen muziek (leren) maken? Muziek maken is leuk en het is n\u00f3g leuker om het samen te doen.\u2026","rel":"","context":"Soortgelijk bericht","block_context":{"text":"Soortgelijk bericht","link":""},"img":{"alt_text":"","src":"https:\/\/i0.wp.com\/www.harmoniebunde.nl\/wp-content\/uploads\/2025\/11\/12208_1_11399_1.jpg?resize=350%2C200&ssl=1","width":350,"height":200,"srcset":"https:\/\/i0.wp.com\/www.harmoniebunde.nl\/wp-content\/uploads\/2025\/11\/12208_1_11399_1.jpg?resize=350%2C200&ssl=1 1x, https:\/\/i0.wp.com\/www.harmoniebunde.nl\/wp-content\/uploads\/2025\/11\/12208_1_11399_1.jpg?resize=525%2C300&ssl=1 1.5x, https:\/\/i0.wp.com\/www.harmoniebunde.nl\/wp-content\/uploads\/2025\/11\/12208_1_11399_1.jpg?resize=700%2C400&ssl=1 2x"},"classes":[]},{"id":2989,"url":"https:\/\/www.harmoniebunde.nl\/?page_id=2989","url_meta":{"origin":224,"position":4},"title":"Muziek voor kids","author":"harmoniebunde","date":"4 september 2023","format":false,"excerpt":"Muziek voor kids Muziek voor Kids! Al in de buik reageren baby\u2019s op muziek. Kinderen worden rustig van slaapliedjes maar springen ook vrolijk op muziek met een lekkere beat! We bieden voor alle kinderen groot en klein muzieklessen aan. Kijk snel hieronder voor meer informatie!\u00a0 Peutermuziek! (+\/- 2-4 jaar) Word\u2026","rel":"","context":"Soortgelijk bericht","block_context":{"text":"Soortgelijk bericht","link":""},"img":{"alt_text":"","src":"https:\/\/i0.wp.com\/www.harmoniebunde.nl\/testen\/wp-content\/uploads\/2024\/02\/image004.jpg?resize=350%2C200&ssl=1","width":350,"height":200},"classes":[]},{"id":768,"url":"https:\/\/www.harmoniebunde.nl\/?page_id=768","url_meta":{"origin":224,"position":5},"title":"Laatste Nieuws","author":"harmoniebunde","date":"4 maart 2024","format":false,"excerpt":"Laatste Nieuws 14 december j.l. dompelde Harmonie Sint Agnes het publiek onder in de warme sfeer van de feestdagen. Met prachtige muziek, een terugblik op 2024, en een vooruitblik op 2025, werd het een avond om niet snel te vergeten. Zangeres Emy Hagen betoverde ons met haar uitvoeringen van \u201cBelieve\u201d\u2026","rel":"","context":"Soortgelijk bericht","block_context":{"text":"Soortgelijk bericht","link":""},"img":{"alt_text":"","src":"https:\/\/i0.wp.com\/www.harmoniebunde.nl\/wp-content\/uploads\/2024\/12\/image-1024x687.png?resize=350%2C200&ssl=1","width":350,"height":200,"srcset":"https:\/\/i0.wp.com\/www.harmoniebunde.nl\/wp-content\/uploads\/2024\/12\/image-1024x687.png?resize=350%2C200&ssl=1 1x, https:\/\/i0.wp.com\/www.harmoniebunde.nl\/wp-content\/uploads\/2024\/12\/image-1024x687.png?resize=525%2C300&ssl=1 1.5x, https:\/\/i0.wp.com\/www.harmoniebunde.nl\/wp-content\/uploads\/2024\/12\/image-1024x687.png?resize=700%2C400&ssl=1 2x"},"classes":[]}],"_links":{"self":[{"href":"https:\/\/www.harmoniebunde.nl\/index.php?rest_route=\/wp\/v2\/pages\/224","targetHints":{"allow":["GET"]}}],"collection":[{"href":"https:\/\/www.harmoniebunde.nl\/index.php?rest_route=\/wp\/v2\/pages"}],"about":[{"href":"https:\/\/www.harmoniebunde.nl\/index.php?rest_route=\/wp\/v2\/types\/page"}],"author":[{"embeddable":true,"href":"https:\/\/www.harmoniebunde.nl\/index.php?rest_route=\/wp\/v2\/users\/1"}],"replies":[{"embeddable":true,"href":"https:\/\/www.harmoniebunde.nl\/index.php?rest_route=%2Fwp%2Fv2%2Fcomments&post=224"}],"version-history":[{"count":24,"href":"https:\/\/www.harmoniebunde.nl\/index.php?rest_route=\/wp\/v2\/pages\/224\/revisions"}],"predecessor-version":[{"id":7841,"href":"https:\/\/www.harmoniebunde.nl\/index.php?rest_route=\/wp\/v2\/pages\/224\/revisions\/7841"}],"wp:attachment":[{"href":"https:\/\/www.harmoniebunde.nl\/index.php?rest_route=%2Fwp%2Fv2%2Fmedia&parent=224"}],"curies":[{"name":"wp","href":"https:\/\/api.w.org\/{rel}","templated":true}]}}