{"id":201,"date":"2023-07-30T09:19:48","date_gmt":"2023-07-30T09:19:48","guid":{"rendered":"https:\/\/www.harmoniebunde.nl\/testen\/?page_id=201"},"modified":"2025-05-07T20:43:43","modified_gmt":"2025-05-07T18:43:43","slug":"agenda","status":"publish","type":"page","link":"https:\/\/www.harmoniebunde.nl\/?page_id=201","title":{"rendered":"Steuncomit\u00e9 \/ Vrienden van St. Agnes"},"content":{"rendered":"\n<div class=\"wp-block-stackable-divider stk-block-divider stk-block stk-4c3c8c8 is-style-bar\" data-block-id=\"4c3c8c8\"><style>.stk-4c3c8c8 hr.stk-block-divider__hr{background:#1e2457 !important;width:100% !important;}<\/style><hr class=\"stk-block-divider__hr\"\/><\/div>\n\n\n\n<figure class=\"wp-block-table\"><table class=\"has-palette-color-4-color has-text-color has-link-color\"><tbody><tr><td>Leden:<br>J. Sijmons, voorzitter<br>Tim Roumans, secretaris<br>Miriam Sassen-Simons, penningmeester,<br>Bestuursleden Els Vergouwen-Knapen, Manfred Ramakers, Meindert Dijkstra<br><br>Het Steuncomit\u00e9\/Vrienden van St. Agnes is opgericht in 1970 en heeft tot doel het instrumentarium van harmonieorkest en drumband in stand te houden en zo mogelijk te verbeteren.<br>Om dit tot stand te kunnen brengen werft het Steuncomit\u00e9 steunleden onder de bewoners van Bunde en omgeving. Aan deze steunleden wordt een bijdrage gevraagd van minimaal \u20ac30,00 per jaar. Het jaarlijks opgebrachte bedrag wordt in zijn geheel besteed aan een instrument of meerdere instrumenten ten behoeve van harmonie en drumband en in het openbaar tijdens het traditionele Sylvesterconcert aangeboden. De steunleden krijgen hiervan elk jaar een schriftelijke verantwoording van de penningmeester, gecontroleerd door een kascommissie van steunleden.<br>In de loop van de ja en van bestaan van het Steuncomit\u00e9 is inmiddels er meer dan \u20ac 200.000 aan instrumenten aangeboden.<br>Het is duidelijk, dat dit een onmisbare steun betekent voor onze harmonie en drumband en zijn nieuwe steunleden dringend nodig!<br>Het comit\u00e9 doet dan ook een beroep op de inwoners van Bunde en omgeving om zich als steunlid op te geven.<br><br><img data-recalc-dims=\"1\" decoding=\"async\" src=\"https:\/\/i0.wp.com\/www.harmoniebunde.nl\/testen\/wp-content\/uploads\/2024\/02\/foto-steuncomite.jpg?w=1290&#038;ssl=1\" alt=\"\"><br>\u00a0<br>In 2020 en 2021 heeft het comit\u00e9 op gepaste wijze afscheid genomen van Jacques Geraets, Piet Philipsen en Jan Billekens. Jacques Geraets en Jan Billekens waren de mede oprichters van het steuncomit\u00e9. <br>Piet Philipsen heeft na zijn bestuursfunctie (o.a. als voorzitter) bij de harmonie meteen de rol van secretaris van het comit\u00e9 op zich genomen.<br><br>Contactpersoon:<br>Miriam Sassen<br>Hoekerweg 2 6241 NG Bunde Tel. 06-20427736<br><a href=\"mailto:steuncomite@harmoniebunde.nl\">steuncomite@harmoniebunde.nl<\/a>\u00a0<br>\u00a0<\/td><\/tr><\/tbody><\/table><\/figure>\n\n\n\n<p class=\"has-palette-color-4-color has-text-color has-link-color wp-elements-0aed15e70ab9820bf5aff1987ec8ee59\"><\/p>\n","protected":false},"excerpt":{"rendered":"<p>Leden:J. Sijmons, voorzitterTim Roumans, secretarisMiriam Sassen-Simons, penningmeester,Bestuursleden Els Vergouwen-Knapen, Manfred Ramakers, Meindert Dijkstra Het Steuncomit\u00e9\/Vrienden van St. Agnes is opgericht in 1970 en heeft tot doel het instrumentarium van harmonieorkest [&hellip;]<\/p>\n","protected":false},"author":1,"featured_media":0,"parent":0,"menu_order":0,"comment_status":"closed","ping_status":"closed","template":"","meta":{"footnotes":""},"class_list":["post-201","page","type-page","status-publish","hentry"],"blocksy_meta":{"background":{"background_type":"color","background_pattern":"type-1","background_image":{"attachment_id":null,"x":0,"y":0},"gradient":"linear-gradient(135deg,rgba(6,147,227,1) 0%,rgb(155,81,224) 100%)","background_repeat":"repeat","background_size":"auto","background_attachment":"scroll","patternColor":{"default":{"color":"#e5e7ea"}},"overlayColor":{"default":{"color":"CT_CSS_SKIP_RULE"}},"backgroundColor":{"default":{"color":"#ffffff"}}},"styles_descriptor":{"styles":{"desktop":"[data-prefix=\"single_page\"] {background-color:#ffffff;background-image:none;}","tablet":"","mobile":""},"google_fonts":[],"version":6},"page_structure_type":"type-2"},"jetpack_sharing_enabled":true,"jetpack-related-posts":[{"id":241,"url":"https:\/\/www.harmoniebunde.nl\/?page_id=241","url_meta":{"origin":201,"position":0},"title":"Harmonie","author":"harmoniebunde","date":"30 juli 2023","format":false,"excerpt":"Harmonie Harmonie Sint Agnes Bunde is al meer dan honderd jaar een vertrouwd muzikaal gezicht in onze gemeenschap. Sinds onze oprichting in 1919 zijn we uitgegroeid tot een levendige vereniging met meer dan 100 leden. Meer dan 70 daarvan zijn actief als muzikant binnen de harmonie, slagwerkgroep of het opleidingsorkest.\u2026","rel":"","context":"Soortgelijk bericht","block_context":{"text":"Soortgelijk bericht","link":""},"img":{"alt_text":"","src":"https:\/\/i0.wp.com\/www.harmoniebunde.nl\/wp-content\/uploads\/2024\/03\/KaKl_2023_bunde4-1-1.jpg?resize=350%2C200&ssl=1","width":350,"height":200,"srcset":"https:\/\/i0.wp.com\/www.harmoniebunde.nl\/wp-content\/uploads\/2024\/03\/KaKl_2023_bunde4-1-1.jpg?resize=350%2C200&ssl=1 1x, https:\/\/i0.wp.com\/www.harmoniebunde.nl\/wp-content\/uploads\/2024\/03\/KaKl_2023_bunde4-1-1.jpg?resize=525%2C300&ssl=1 1.5x, https:\/\/i0.wp.com\/www.harmoniebunde.nl\/wp-content\/uploads\/2024\/03\/KaKl_2023_bunde4-1-1.jpg?resize=700%2C400&ssl=1 2x, https:\/\/i0.wp.com\/www.harmoniebunde.nl\/wp-content\/uploads\/2024\/03\/KaKl_2023_bunde4-1-1.jpg?resize=1050%2C600&ssl=1 3x, https:\/\/i0.wp.com\/www.harmoniebunde.nl\/wp-content\/uploads\/2024\/03\/KaKl_2023_bunde4-1-1.jpg?resize=1400%2C800&ssl=1 4x"},"classes":[]},{"id":238,"url":"https:\/\/www.harmoniebunde.nl\/?page_id=238","url_meta":{"origin":201,"position":1},"title":"Harmonieus","author":"harmoniebunde","date":"30 juli 2023","format":false,"excerpt":"Harmonieus Harmonieus\u00a0is een werkgroep van Harmonie en Drumband Sint Agnes die bestaat sinds 2008.Haar doelstelling is het organiseren van muzikale en culturele activiteiten v\u00f3\u00f3r en d\u00f3\u00f3r de leden van Harmonie en Drumband St. Agnes, samen met de inwoners van Bunde\/Meerssen en ge\u00efnteresseerden daarbuiten.In 2009 is voor de eerste keer de\u2026","rel":"","context":"Soortgelijk bericht","block_context":{"text":"Soortgelijk bericht","link":""},"img":{"alt_text":"","src":"","width":0,"height":0},"classes":[]},{"id":7,"url":"https:\/\/www.harmoniebunde.nl\/?page_id=7","url_meta":{"origin":201,"position":2},"title":"Test","author":"harmoniebunde","date":"29 januari 2024","format":false,"excerpt":"Welkom op site van Harmonie en Drumband St. Agnes \u00a0","rel":"","context":"Soortgelijk bericht","block_context":{"text":"Soortgelijk bericht","link":""},"img":{"alt_text":"","src":"https:\/\/i0.wp.com\/www.harmoniebunde.nl\/wp-content\/uploads\/2024\/03\/KaKl_2023_bunde4-1-1.jpg?fit=1200%2C570&ssl=1&resize=350%2C200","width":350,"height":200,"srcset":"https:\/\/i0.wp.com\/www.harmoniebunde.nl\/wp-content\/uploads\/2024\/03\/KaKl_2023_bunde4-1-1.jpg?fit=1200%2C570&ssl=1&resize=350%2C200 1x, https:\/\/i0.wp.com\/www.harmoniebunde.nl\/wp-content\/uploads\/2024\/03\/KaKl_2023_bunde4-1-1.jpg?fit=1200%2C570&ssl=1&resize=525%2C300 1.5x, https:\/\/i0.wp.com\/www.harmoniebunde.nl\/wp-content\/uploads\/2024\/03\/KaKl_2023_bunde4-1-1.jpg?fit=1200%2C570&ssl=1&resize=700%2C400 2x, https:\/\/i0.wp.com\/www.harmoniebunde.nl\/wp-content\/uploads\/2024\/03\/KaKl_2023_bunde4-1-1.jpg?fit=1200%2C570&ssl=1&resize=1050%2C600 3x"},"classes":[]},{"id":230,"url":"https:\/\/www.harmoniebunde.nl\/?page_id=230","url_meta":{"origin":201,"position":3},"title":"Dirigenten","author":"harmoniebunde","date":"30 juli 2023","format":false,"excerpt":"Dirigenten De directie heeft de muzikale leiding over de verschillende onderdelen van de vereniging.Jacques Claessens is dirigent van het harmonieorkest, Jos Notten is plaatsvervangend dirigent. Rick Maassen is instructeur van de slagwerkgroep. Jacques Claessens Jacques Claessens (Sittard, 1956) ging op 15-jarige leeftijd naar het conservatorium te Maastricht en studeerde saxofoon\u2026","rel":"","context":"Soortgelijk bericht","block_context":{"text":"Soortgelijk bericht","link":""},"img":{"alt_text":"","src":"https:\/\/i0.wp.com\/www.harmoniebunde.nl\/testen\/wp-content\/uploads\/2024\/02\/Foto-Jacques-tbv-website-1-scaled.jpeg?resize=350%2C200&ssl=1","width":350,"height":200,"srcset":"https:\/\/i0.wp.com\/www.harmoniebunde.nl\/testen\/wp-content\/uploads\/2024\/02\/Foto-Jacques-tbv-website-1-scaled.jpeg?resize=350%2C200&ssl=1 1x, https:\/\/i0.wp.com\/www.harmoniebunde.nl\/testen\/wp-content\/uploads\/2024\/02\/Foto-Jacques-tbv-website-1-scaled.jpeg?resize=525%2C300&ssl=1 1.5x, https:\/\/i0.wp.com\/www.harmoniebunde.nl\/testen\/wp-content\/uploads\/2024\/02\/Foto-Jacques-tbv-website-1-scaled.jpeg?resize=700%2C400&ssl=1 2x, https:\/\/i0.wp.com\/www.harmoniebunde.nl\/testen\/wp-content\/uploads\/2024\/02\/Foto-Jacques-tbv-website-1-scaled.jpeg?resize=1050%2C600&ssl=1 3x, https:\/\/i0.wp.com\/www.harmoniebunde.nl\/testen\/wp-content\/uploads\/2024\/02\/Foto-Jacques-tbv-website-1-scaled.jpeg?resize=1400%2C800&ssl=1 4x"},"classes":[]},{"id":768,"url":"https:\/\/www.harmoniebunde.nl\/?page_id=768","url_meta":{"origin":201,"position":4},"title":"Laatste Nieuws","author":"harmoniebunde","date":"4 maart 2024","format":false,"excerpt":"Laatste Nieuws 14 december j.l. dompelde Harmonie Sint Agnes het publiek onder in de warme sfeer van de feestdagen. Met prachtige muziek, een terugblik op 2024, en een vooruitblik op 2025, werd het een avond om niet snel te vergeten. Zangeres Emy Hagen betoverde ons met haar uitvoeringen van \u201cBelieve\u201d\u2026","rel":"","context":"Soortgelijk bericht","block_context":{"text":"Soortgelijk bericht","link":""},"img":{"alt_text":"","src":"https:\/\/i0.wp.com\/www.harmoniebunde.nl\/wp-content\/uploads\/2024\/12\/image-1024x687.png?resize=350%2C200&ssl=1","width":350,"height":200,"srcset":"https:\/\/i0.wp.com\/www.harmoniebunde.nl\/wp-content\/uploads\/2024\/12\/image-1024x687.png?resize=350%2C200&ssl=1 1x, https:\/\/i0.wp.com\/www.harmoniebunde.nl\/wp-content\/uploads\/2024\/12\/image-1024x687.png?resize=525%2C300&ssl=1 1.5x, https:\/\/i0.wp.com\/www.harmoniebunde.nl\/wp-content\/uploads\/2024\/12\/image-1024x687.png?resize=700%2C400&ssl=1 2x"},"classes":[]},{"id":901,"url":"https:\/\/www.harmoniebunde.nl\/?page_id=901","url_meta":{"origin":201,"position":5},"title":"Kroniek St. Agnes 100 jaar","author":"harmoniebunde","date":"6 augustus 2023","format":false,"excerpt":"","rel":"","context":"Soortgelijk bericht","block_context":{"text":"Soortgelijk bericht","link":""},"img":{"alt_text":"","src":"","width":0,"height":0},"classes":[]}],"_links":{"self":[{"href":"https:\/\/www.harmoniebunde.nl\/index.php?rest_route=\/wp\/v2\/pages\/201","targetHints":{"allow":["GET"]}}],"collection":[{"href":"https:\/\/www.harmoniebunde.nl\/index.php?rest_route=\/wp\/v2\/pages"}],"about":[{"href":"https:\/\/www.harmoniebunde.nl\/index.php?rest_route=\/wp\/v2\/types\/page"}],"author":[{"embeddable":true,"href":"https:\/\/www.harmoniebunde.nl\/index.php?rest_route=\/wp\/v2\/users\/1"}],"replies":[{"embeddable":true,"href":"https:\/\/www.harmoniebunde.nl\/index.php?rest_route=%2Fwp%2Fv2%2Fcomments&post=201"}],"version-history":[{"count":42,"href":"https:\/\/www.harmoniebunde.nl\/index.php?rest_route=\/wp\/v2\/pages\/201\/revisions"}],"predecessor-version":[{"id":7844,"href":"https:\/\/www.harmoniebunde.nl\/index.php?rest_route=\/wp\/v2\/pages\/201\/revisions\/7844"}],"wp:attachment":[{"href":"https:\/\/www.harmoniebunde.nl\/index.php?rest_route=%2Fwp%2Fv2%2Fmedia&parent=201"}],"curies":[{"name":"wp","href":"https:\/\/api.w.org\/{rel}","templated":true}]}}